{"id":2765,"date":"2023-03-14T12:48:59","date_gmt":"2023-03-14T11:48:59","guid":{"rendered":"https:\/\/highupme.com\/?page_id=2765"},"modified":"2023-03-16T13:35:03","modified_gmt":"2023-03-16T12:35:03","slug":"abonnez-vous","status":"publish","type":"page","link":"https:\/\/highupme.com\/en\/abonnez-vous\/","title":{"rendered":"Abonnez-vous"},"content":{"rendered":"<p>[et_pb_section fb_built=\u00a0\u00bb1&Prime; admin_label=\u00a0\u00bbSubscribe\u00a0\u00bb _builder_version=\u00a0\u00bb4.20.2&Prime; _module_preset=\u00a0\u00bbdefault\u00a0\u00bb background_color=\u00a0\u00bb#FFFFFF\u00a0\u00bb min_height=\u00a0\u00bb375px\u00a0\u00bb custom_margin=\u00a0\u00bb2px|||||\u00a0\u00bb custom_padding=\u00a0\u00bb19px||0px||false|false\u00a0\u00bb global_colors_info=\u00a0\u00bb{}\u00a0\u00bb][et_pb_row column_structure=\u00a0\u00bb1_2,1_2&Prime; _builder_version=\u00a0\u00bb4.20.2&Prime; _module_preset=\u00a0\u00bbdefault\u00a0\u00bb global_colors_info=\u00a0\u00bb{}\u00a0\u00bb min_height=\u00a0\u00bb90.8px\u00a0\u00bb custom_margin=\u00a0\u00bb|auto|1px|auto||\u00a0\u00bb custom_padding=\u00a0\u00bb||0px|||\u00a0\u00bb][et_pb_column type=\u00a0\u00bb1_2&Prime; _builder_version=\u00a0\u00bb4.20.2&Prime; _module_preset=\u00a0\u00bbdefault\u00a0\u00bb global_colors_info=\u00a0\u00bb{}\u00a0\u00bb][et_pb_code _builder_version=\u00a0\u00bb4.20.2&Prime; _module_preset=\u00a0\u00bbdefault\u00a0\u00bb max_width=\u00a0\u00bb100%\u00a0\u00bb custom_padding=\u00a0\u00bb|0px||||\u00a0\u00bb global_colors_info=\u00a0\u00bb{}\u00a0\u00bb]<!-- Begin Mailchimp Signup Form --><!-- [et_pb_line_break_holder] --><link href=\"\/\/cdn-images.mailchimp.com\/embedcode\/classic-071822.css\" rel=\"stylesheet\" type=\"text\/css\"><!-- [et_pb_line_break_holder] --><\/p>\n<style type=\"text\/css\"><!-- [et_pb_line_break_holder] -->\t#mc_embed_signup{background:#fff; clear:left; font:14px Helvetica,Arial,sans-serif;  width:300px;}<!-- [et_pb_line_break_holder] -->\t\/* Add your own Mailchimp form style overrides in your site stylesheet or in this style block.<!-- [et_pb_line_break_holder] -->\t   We recommend moving this block and the preceding CSS link to the HEAD of your HTML file. *\/<!-- [et_pb_line_break_holder] --><\/style>\n<p><!-- [et_pb_line_break_holder] --><\/p>\n<div id=\"mc_embed_signup\"><!-- [et_pb_line_break_holder] -->    <\/p>\n<form action=\"https:\/\/highupme.us21.list-manage.com\/subscribe\/post?u=97c9d17ca10e49dac6c665787&#038;id=3c96081aee&#038;f_id=00e2a2e1f0\" method=\"post\" id=\"mc-embedded-subscribe-form\" name=\"mc-embedded-subscribe-form\" class=\"validate\" target=\"_blank\" novalidate><!-- [et_pb_line_break_holder] -->        <\/p>\n<div id=\"mc_embed_signup_scroll\"><!-- [et_pb_line_break_holder] -->        <\/p>\n<h2>Abonnez-vous<\/h2>\n<p><!-- [et_pb_line_break_holder] -->        <\/p>\n<div class=\"indicates-required\"><span class=\"asterisk\">*<\/span> indicates required<\/div>\n<p><!-- [et_pb_line_break_holder] --><\/p>\n<div class=\"mc-field-group\"><!-- [et_pb_line_break_holder] -->\t<label for=\"mce-EMAIL\">Email Address  <span class=\"asterisk\">*<\/span><!-- [et_pb_line_break_holder] --><\/label><!-- [et_pb_line_break_holder] -->\t<input type=\"email\" value=\"\" name=\"EMAIL\" class=\"required email\" id=\"mce-EMAIL\" required><!-- [et_pb_line_break_holder] -->\t<span id=\"mce-EMAIL-HELPERTEXT\" class=\"helper_text\"><\/span><!-- [et_pb_line_break_holder] --><\/div>\n<p><!-- [et_pb_line_break_holder] -->\t<\/p>\n<div id=\"mce-responses\" class=\"clear\"><!-- [et_pb_line_break_holder] -->\t\t<\/p>\n<div class=\"response\" id=\"mce-error-response\" style=\"display:none\"><\/div>\n<p><!-- [et_pb_line_break_holder] -->\t\t<\/p>\n<div class=\"response\" id=\"mce-success-response\" style=\"display:none\"><\/div>\n<p><!-- [et_pb_line_break_holder] -->\t<\/div>\n<p>    <!-- real people should not fill this in and expect good things - do not remove this or risk form bot signups--><!-- [et_pb_line_break_holder] -->    <\/p>\n<div style=\"position: absolute; left: -5000px;\" aria-hidden=\"true\"><input type=\"text\" name=\"b_97c9d17ca10e49dac6c665787_3c96081aee\" tabindex=\"-1\" value=\"\"><\/div>\n<p><!-- [et_pb_line_break_holder] -->    <\/p>\n<div class=\"clear\"><input type=\"submit\" value=\"Subscribe\" name=\"subscribe\" id=\"mc-embedded-subscribe\" class=\"button\"><\/div>\n<p><!-- [et_pb_line_break_holder] -->    <\/div>\n<p><!-- [et_pb_line_break_holder] --><\/form>\n<p><!-- [et_pb_line_break_holder] --><\/div>\n<p><!-- [et_pb_line_break_holder] --><script type='text\/javascript' src='\/\/s3.amazonaws.com\/downloads.mailchimp.com\/js\/mc-validate.js'><\/script><script type='text\/javascript'>(function($) {window.fnames = new Array(); window.ftypes = new Array();fnames[0]='EMAIL';ftypes[0]='email';fnames[1]='FNAME';ftypes[1]='text';fnames[2]='LNAME';ftypes[2]='text'; \/*<!-- [et_pb_line_break_holder] --> * Translated default messages for the $ validation plugin.<!-- [et_pb_line_break_holder] --> * Locale: FR<!-- [et_pb_line_break_holder] --> *\/<!-- [et_pb_line_break_holder] -->$.extend($.validator.messages, {<!-- [et_pb_line_break_holder] -->        required: \"Ce champ est requis.\",<!-- [et_pb_line_break_holder] -->        remote: \"Veuillez remplir ce champ pour continuer.\",<!-- [et_pb_line_break_holder] -->        email: \"Veuillez entrer une adresse email valide.\",<!-- [et_pb_line_break_holder] -->        url: \"Veuillez entrer une URL valide.\",<!-- [et_pb_line_break_holder] -->        date: \"Veuillez entrer une date valide.\",<!-- [et_pb_line_break_holder] -->        dateISO: \"Veuillez entrer une date valide (ISO).\",<!-- [et_pb_line_break_holder] -->        number: \"Veuillez entrer un nombre valide.\",<!-- [et_pb_line_break_holder] -->        digits: \"Veuillez entrer (seulement) une valeur num\u00e9rique.\",<!-- [et_pb_line_break_holder] -->        creditcard: \"Veuillez entrer un num\u00e9ro de carte de cr\u00e9dit valide.\",<!-- [et_pb_line_break_holder] -->        equalTo: \"Veuillez entrer une nouvelle fois la m\u00eame valeur.\",<!-- [et_pb_line_break_holder] -->        accept: \"Veuillez entrer une valeur avec une extension valide.\",<!-- [et_pb_line_break_holder] -->        maxlength: $.validator.format(\"Veuillez ne pas entrer plus de {0} caract\u00e8res.\"),<!-- [et_pb_line_break_holder] -->        minlength: $.validator.format(\"Veuillez entrer au moins {0} caract\u00e8res.\"),<!-- [et_pb_line_break_holder] -->        rangelength: $.validator.format(\"Veuillez entrer entre {0} et {1} caract\u00e8res.\"),<!-- [et_pb_line_break_holder] -->        range: $.validator.format(\"Veuillez entrer une valeur entre {0} et {1}.\"),<!-- [et_pb_line_break_holder] -->        max: $.validator.format(\"Veuillez entrer une valeur inf\u00e9rieure ou \u00e9gale \u00e0 {0}.\"),<!-- [et_pb_line_break_holder] -->        min: $.validator.format(\"Veuillez entrer une valeur sup\u00e9rieure ou \u00e9gale \u00e0 {0}.\")<!-- [et_pb_line_break_holder] -->});}(jQuery));var $mcj = jQuery.noConflict(true);<\/script><!-- [et_pb_line_break_holder] --><!--End mc_embed_signup-->[\/et_pb_code][\/et_pb_column][et_pb_column type=\u00a0\u00bb1_2&Prime; _builder_version=\u00a0\u00bb4.20.2&Prime; _module_preset=\u00a0\u00bbdefault\u00a0\u00bb global_colors_info=\u00a0\u00bb{}\u00a0\u00bb][et_pb_text _builder_version=\u00a0\u00bb4.20.2&Prime; _module_preset=\u00a0\u00bb003e9429-8e11-4d9e-968b-8881092bbf81&Prime; header_2_font=\u00a0\u00bbNoto Serif||||||||\u00a0\u00bb header_2_text_align=\u00a0\u00bbcenter\u00a0\u00bb header_2_text_color=\u00a0\u00bb#000000&Prime; header_2_font_size=\u00a0\u00bb50px\u00a0\u00bb header_2_line_height=\u00a0\u00bb1.3em\u00a0\u00bb custom_margin=\u00a0\u00bb||0px||false|false\u00a0\u00bb header_2_font_size_tablet=\u00a0\u00bb32px\u00a0\u00bb header_2_font_size_phone=\u00a0\u00bb18px\u00a0\u00bb header_2_font_size_last_edited=\u00a0\u00bbon|desktop\u00a0\u00bb header_2_line_height_tablet=\u00a0\u00bb1.2em\u00a0\u00bb header_2_line_height_phone=\u00a0\u00bb1.2em\u00a0\u00bb header_2_line_height_last_edited=\u00a0\u00bboff|desktop\u00a0\u00bb locked=\u00a0\u00bboff\u00a0\u00bb global_colors_info=\u00a0\u00bb{}\u00a0\u00bb]<\/p>\n<h2>Suivez-nous !<\/h2>\n<p>[\/et_pb_text][et_pb_social_media_follow _builder_version=\u00a0\u00bb4.20.2&Prime; _module_preset=\u00a0\u00bbdefault\u00a0\u00bb text_orientation=\u00a0\u00bbcenter\u00a0\u00bb global_colors_info=\u00a0\u00bb{}\u00a0\u00bb][et_pb_social_media_follow_network social_network=\u00a0\u00bbinstagram\u00a0\u00bb url=\u00a0\u00bbhttps:\/\/www.instagram.com\/high_up_me\/\u00a0\u00bb icon_color=\u00a0\u00bb#000000&Prime; _builder_version=\u00a0\u00bb4.20.2&Prime; _module_preset=\u00a0\u00bbdefault\u00a0\u00bb background_color=\u00a0\u00bbRGBA(255,255,255,0)\u00a0\u00bb background_enable_color=\u00a0\u00bbon\u00a0\u00bb global_colors_info=\u00a0\u00bb{}\u00a0\u00bb follow_button=\u00a0\u00bboff\u00a0\u00bb url_new_window=\u00a0\u00bbon\u00a0\u00bb]instagram[\/et_pb_social_media_follow_network][et_pb_social_media_follow_network social_network=\u00a0\u00bblinkedin\u00a0\u00bb url=\u00a0\u00bbhttps:\/\/www.linkedin.com\/company\/high-up-me\/\u00a0\u00bb icon_color=\u00a0\u00bb#000000&Prime; _builder_version=\u00a0\u00bb4.20.2&Prime; _module_preset=\u00a0\u00bbdefault\u00a0\u00bb background_color=\u00a0\u00bbRGBA(255,255,255,0)\u00a0\u00bb background_enable_color=\u00a0\u00bbon\u00a0\u00bb global_colors_info=\u00a0\u00bb{}\u00a0\u00bb follow_button=\u00a0\u00bboff\u00a0\u00bb url_new_window=\u00a0\u00bbon\u00a0\u00bb]linkedin[\/et_pb_social_media_follow_network][\/et_pb_social_media_follow][\/et_pb_column][\/et_pb_row][\/et_pb_section]<\/p>","protected":false},"excerpt":{"rendered":"<p>Abonnez-vous \u00e0 la newsletter high up me et recevez toutes les nouveaut\u00e9s en exclusivit\u00e9 sur nos articles, \u00e9v\u00e9nements, cours et exercices et offres promotionnelles sur la th\u00e9matique du coaching.<\/p>","protected":false},"author":1,"featured_media":2779,"parent":0,"menu_order":0,"comment_status":"closed","ping_status":"closed","template":"","meta":{"_et_pb_use_builder":"on","_et_pb_old_content":"","_et_gb_content_width":"","footnotes":""},"class_list":["post-2765","page","type-page","status-publish","has-post-thumbnail","hentry"],"yoast_head":"<!-- This site is optimized with the Yoast SEO plugin v25.6 - https:\/\/yoast.com\/wordpress\/plugins\/seo\/ -->\n<title>Abonnez-vous - Highupme<\/title>\n<meta name=\"robots\" content=\"index, follow, max-snippet:-1, max-image-preview:large, max-video-preview:-1\" \/>\n<link rel=\"canonical\" href=\"https:\/\/highupme.com\/en\/abonnez-vous\/\" \/>\n<meta property=\"og:locale\" content=\"en_GB\" \/>\n<meta property=\"og:type\" content=\"article\" \/>\n<meta property=\"og:title\" content=\"Abonnez-vous - Highupme\" \/>\n<meta property=\"og:description\" content=\"Abonnez-vous \u00e0 la newsletter high up me et recevez toutes les nouveaut\u00e9s en exclusivit\u00e9 sur nos articles, \u00e9v\u00e9nements, cours et exercices et offres promotionnelles sur la th\u00e9matique du coaching.\" \/>\n<meta property=\"og:url\" content=\"https:\/\/highupme.com\/en\/abonnez-vous\/\" \/>\n<meta property=\"og:site_name\" content=\"Highupme\" \/>\n<meta property=\"article:modified_time\" content=\"2023-03-16T12:35:03+00:00\" \/>\n<meta property=\"og:image\" content=\"https:\/\/i0.wp.com\/highupme.com\/wp-content\/uploads\/2023\/03\/newsletter.png?fit=1200%2C800&ssl=1\" \/>\n\t<meta property=\"og:image:width\" content=\"1200\" \/>\n\t<meta property=\"og:image:height\" content=\"800\" \/>\n\t<meta property=\"og:image:type\" content=\"image\/png\" \/>\n<meta name=\"twitter:card\" content=\"summary_large_image\" \/>\n<meta name=\"twitter:label1\" content=\"Estimated reading time\" \/>\n\t<meta name=\"twitter:data1\" content=\"2 minutes\" \/>\n<script type=\"application\/ld+json\" class=\"yoast-schema-graph\">{\"@context\":\"https:\/\/schema.org\",\"@graph\":[{\"@type\":\"WebPage\",\"@id\":\"https:\/\/highupme.com\/abonnez-vous\/\",\"url\":\"https:\/\/highupme.com\/abonnez-vous\/\",\"name\":\"Abonnez-vous - Highupme\",\"isPartOf\":{\"@id\":\"https:\/\/highupme.com\/en\/#website\"},\"primaryImageOfPage\":{\"@id\":\"https:\/\/highupme.com\/abonnez-vous\/#primaryimage\"},\"image\":{\"@id\":\"https:\/\/highupme.com\/abonnez-vous\/#primaryimage\"},\"thumbnailUrl\":\"https:\/\/i0.wp.com\/highupme.com\/wp-content\/uploads\/2023\/03\/newsletter.png?fit=1200%2C800&ssl=1\",\"datePublished\":\"2023-03-14T11:48:59+00:00\",\"dateModified\":\"2023-03-16T12:35:03+00:00\",\"breadcrumb\":{\"@id\":\"https:\/\/highupme.com\/abonnez-vous\/#breadcrumb\"},\"inLanguage\":\"en-GB\",\"potentialAction\":[{\"@type\":\"ReadAction\",\"target\":[\"https:\/\/highupme.com\/abonnez-vous\/\"]}]},{\"@type\":\"ImageObject\",\"inLanguage\":\"en-GB\",\"@id\":\"https:\/\/highupme.com\/abonnez-vous\/#primaryimage\",\"url\":\"https:\/\/i0.wp.com\/highupme.com\/wp-content\/uploads\/2023\/03\/newsletter.png?fit=1200%2C800&ssl=1\",\"contentUrl\":\"https:\/\/i0.wp.com\/highupme.com\/wp-content\/uploads\/2023\/03\/newsletter.png?fit=1200%2C800&ssl=1\",\"width\":1200,\"height\":800,\"caption\":\"newsletter high up me\"},{\"@type\":\"BreadcrumbList\",\"@id\":\"https:\/\/highupme.com\/abonnez-vous\/#breadcrumb\",\"itemListElement\":[{\"@type\":\"ListItem\",\"position\":1,\"name\":\"Accueil\",\"item\":\"https:\/\/highupme.com\/\"},{\"@type\":\"ListItem\",\"position\":2,\"name\":\"Abonnez-vous\"}]},{\"@type\":\"WebSite\",\"@id\":\"https:\/\/highupme.com\/en\/#website\",\"url\":\"https:\/\/highupme.com\/en\/\",\"name\":\"Highupme\",\"description\":\"The Coaching Company\",\"publisher\":{\"@id\":\"https:\/\/highupme.com\/en\/#organization\"},\"potentialAction\":[{\"@type\":\"SearchAction\",\"target\":{\"@type\":\"EntryPoint\",\"urlTemplate\":\"https:\/\/highupme.com\/en\/?s={search_term_string}\"},\"query-input\":{\"@type\":\"PropertyValueSpecification\",\"valueRequired\":true,\"valueName\":\"search_term_string\"}}],\"inLanguage\":\"en-GB\"},{\"@type\":\"Organization\",\"@id\":\"https:\/\/highupme.com\/en\/#organization\",\"name\":\"Highupme\",\"url\":\"https:\/\/highupme.com\/en\/\",\"logo\":{\"@type\":\"ImageObject\",\"inLanguage\":\"en-GB\",\"@id\":\"https:\/\/highupme.com\/en\/#\/schema\/logo\/image\/\",\"url\":\"https:\/\/i0.wp.com\/highupme.com\/wp-content\/uploads\/2022\/12\/highupme-logo-PNG.png?fit=500%2C311&ssl=1\",\"contentUrl\":\"https:\/\/i0.wp.com\/highupme.com\/wp-content\/uploads\/2022\/12\/highupme-logo-PNG.png?fit=500%2C311&ssl=1\",\"width\":500,\"height\":311,\"caption\":\"Highupme\"},\"image\":{\"@id\":\"https:\/\/highupme.com\/en\/#\/schema\/logo\/image\/\"},\"sameAs\":[\"https:\/\/www.instagram.com\/high_up_me\/\",\"https:\/\/www.linkedin.com\/company\/high-up-me\"]}]}<\/script>\n<!-- \/ Yoast SEO plugin. -->","yoast_head_json":{"title":"Abonnez-vous - Highupme","robots":{"index":"index","follow":"follow","max-snippet":"max-snippet:-1","max-image-preview":"max-image-preview:large","max-video-preview":"max-video-preview:-1"},"canonical":"https:\/\/highupme.com\/en\/abonnez-vous\/","og_locale":"en_GB","og_type":"article","og_title":"Abonnez-vous - Highupme","og_description":"Abonnez-vous \u00e0 la newsletter high up me et recevez toutes les nouveaut\u00e9s en exclusivit\u00e9 sur nos articles, \u00e9v\u00e9nements, cours et exercices et offres promotionnelles sur la th\u00e9matique du coaching.","og_url":"https:\/\/highupme.com\/en\/abonnez-vous\/","og_site_name":"Highupme","article_modified_time":"2023-03-16T12:35:03+00:00","og_image":[{"width":1200,"height":800,"url":"https:\/\/i0.wp.com\/highupme.com\/wp-content\/uploads\/2023\/03\/newsletter.png?fit=1200%2C800&ssl=1","type":"image\/png"}],"twitter_card":"summary_large_image","twitter_misc":{"Estimated reading time":"2 minutes"},"schema":{"@context":"https:\/\/schema.org","@graph":[{"@type":"WebPage","@id":"https:\/\/highupme.com\/abonnez-vous\/","url":"https:\/\/highupme.com\/abonnez-vous\/","name":"Abonnez-vous - Highupme","isPartOf":{"@id":"https:\/\/highupme.com\/en\/#website"},"primaryImageOfPage":{"@id":"https:\/\/highupme.com\/abonnez-vous\/#primaryimage"},"image":{"@id":"https:\/\/highupme.com\/abonnez-vous\/#primaryimage"},"thumbnailUrl":"https:\/\/i0.wp.com\/highupme.com\/wp-content\/uploads\/2023\/03\/newsletter.png?fit=1200%2C800&ssl=1","datePublished":"2023-03-14T11:48:59+00:00","dateModified":"2023-03-16T12:35:03+00:00","breadcrumb":{"@id":"https:\/\/highupme.com\/abonnez-vous\/#breadcrumb"},"inLanguage":"en-GB","potentialAction":[{"@type":"ReadAction","target":["https:\/\/highupme.com\/abonnez-vous\/"]}]},{"@type":"ImageObject","inLanguage":"en-GB","@id":"https:\/\/highupme.com\/abonnez-vous\/#primaryimage","url":"https:\/\/i0.wp.com\/highupme.com\/wp-content\/uploads\/2023\/03\/newsletter.png?fit=1200%2C800&ssl=1","contentUrl":"https:\/\/i0.wp.com\/highupme.com\/wp-content\/uploads\/2023\/03\/newsletter.png?fit=1200%2C800&ssl=1","width":1200,"height":800,"caption":"newsletter high up me"},{"@type":"BreadcrumbList","@id":"https:\/\/highupme.com\/abonnez-vous\/#breadcrumb","itemListElement":[{"@type":"ListItem","position":1,"name":"Accueil","item":"https:\/\/highupme.com\/"},{"@type":"ListItem","position":2,"name":"Abonnez-vous"}]},{"@type":"WebSite","@id":"https:\/\/highupme.com\/en\/#website","url":"https:\/\/highupme.com\/en\/","name":"Highupme","description":"The Coaching Company","publisher":{"@id":"https:\/\/highupme.com\/en\/#organization"},"potentialAction":[{"@type":"SearchAction","target":{"@type":"EntryPoint","urlTemplate":"https:\/\/highupme.com\/en\/?s={search_term_string}"},"query-input":{"@type":"PropertyValueSpecification","valueRequired":true,"valueName":"search_term_string"}}],"inLanguage":"en-GB"},{"@type":"Organization","@id":"https:\/\/highupme.com\/en\/#organization","name":"Highupme","url":"https:\/\/highupme.com\/en\/","logo":{"@type":"ImageObject","inLanguage":"en-GB","@id":"https:\/\/highupme.com\/en\/#\/schema\/logo\/image\/","url":"https:\/\/i0.wp.com\/highupme.com\/wp-content\/uploads\/2022\/12\/highupme-logo-PNG.png?fit=500%2C311&ssl=1","contentUrl":"https:\/\/i0.wp.com\/highupme.com\/wp-content\/uploads\/2022\/12\/highupme-logo-PNG.png?fit=500%2C311&ssl=1","width":500,"height":311,"caption":"Highupme"},"image":{"@id":"https:\/\/highupme.com\/en\/#\/schema\/logo\/image\/"},"sameAs":["https:\/\/www.instagram.com\/high_up_me\/","https:\/\/www.linkedin.com\/company\/high-up-me"]}]}},"jetpack-related-posts":[],"jetpack_sharing_enabled":true,"_links":{"self":[{"href":"https:\/\/highupme.com\/en\/wp-json\/wp\/v2\/pages\/2765","targetHints":{"allow":["GET"]}}],"collection":[{"href":"https:\/\/highupme.com\/en\/wp-json\/wp\/v2\/pages"}],"about":[{"href":"https:\/\/highupme.com\/en\/wp-json\/wp\/v2\/types\/page"}],"author":[{"embeddable":true,"href":"https:\/\/highupme.com\/en\/wp-json\/wp\/v2\/users\/1"}],"replies":[{"embeddable":true,"href":"https:\/\/highupme.com\/en\/wp-json\/wp\/v2\/comments?post=2765"}],"version-history":[{"count":0,"href":"https:\/\/highupme.com\/en\/wp-json\/wp\/v2\/pages\/2765\/revisions"}],"wp:featuredmedia":[{"embeddable":true,"href":"https:\/\/highupme.com\/en\/wp-json\/wp\/v2\/media\/2779"}],"wp:attachment":[{"href":"https:\/\/highupme.com\/en\/wp-json\/wp\/v2\/media?parent=2765"}],"curies":[{"name":"wp","href":"https:\/\/api.w.org\/{rel}","templated":true}]}}