{"id":2674,"date":"2023-02-10T10:22:13","date_gmt":"2023-02-10T09:22:13","guid":{"rendered":"https:\/\/highupme.com\/?page_id=2674"},"modified":"2023-02-10T12:26:15","modified_gmt":"2023-02-10T11:26:15","slug":"cgv","status":"publish","type":"page","link":"https:\/\/highupme.com\/en\/cgv\/","title":{"rendered":"Conditions G\u00e9n\u00e9rales de Vente"},"content":{"rendered":"<p>[et_pb_section fb_built=\u00a0\u00bb1&Prime; _builder_version=\u00a0\u00bb4.19.5&Prime; _module_preset=\u00a0\u00bbdefault\u00a0\u00bb global_colors_info=\u00a0\u00bb{}\u00a0\u00bb][et_pb_row _builder_version=\u00a0\u00bb4.19.5&Prime; _module_preset=\u00a0\u00bbdefault\u00a0\u00bb global_colors_info=\u00a0\u00bb{}\u00a0\u00bb][et_pb_column type=\u00a0\u00bb4_4&Prime; _builder_version=\u00a0\u00bb4.19.5&Prime; _module_preset=\u00a0\u00bbdefault\u00a0\u00bb global_colors_info=\u00a0\u00bb{}\u00a0\u00bb][et_pb_text _builder_version=\u00a0\u00bb4.19.5&Prime; _module_preset=\u00a0\u00bbdefault\u00a0\u00bb hover_enabled=\u00a0\u00bb0&Prime; global_colors_info=\u00a0\u00bb{}\u00a0\u00bb sticky_enabled=\u00a0\u00bb0&Prime;]<\/p>\n<h3><b>Conditions g\u00e9n\u00e9rales de vente et d\u2019ex\u00e9cution (CGV)<\/b><\/h3>\n<p>&nbsp;<\/p>\n<p><b>high up me I the coaching company<\/b><\/p>\n<p>Route de Certoux 29C<\/p>\n<p>1258 Perly<\/p>\n<p>Suisse<\/p>\n<p>&nbsp;<\/p>\n<p>Le pr\u00e9sent contrat d\u00e9crit vos droits et obligations li\u00e9es aux prestations propos\u00e9es sous forme de s\u00e9ances de coaching d\u00e9finies en pr\u00e9ambule par high up me. En commandant une prestation effectu\u00e9e par high up me, vous vous engagez \u00e0 respecter ce pr\u00e9sent contrat. Le pr\u00e9sent contrat est un contrat de coaching qui a pour objet l&rsquo;accompagnement individuel du client en vue d&rsquo;optimiser son d\u00e9veloppement personnel et\/ou sa pratique professionnelle.\u00a0 A cet effet, il est d\u00e9termin\u00e9 un objectif g\u00e9n\u00e9ral.<\/p>\n<p><b><\/b><\/p>\n<p><b>Pr\u00e9ambule<\/b><\/p>\n<p>La s\u00e9ance de coaching est l\u2019accompagnement d\u2019une personne sur le plan personnel et\/ou professionnel vers son autonomie dans une dynamique de changement. C\u2019est un processus d\u2019entretiens individuels qui repose sur une relation de collaboration, centr\u00e9 sur des objectifs \u00e0 atteindre et structur\u00e9 de fa\u00e7on telle qu\u2019il permette \u00e0 une personne de d\u00e9velopper son potentiel, augmenter son niveau de performances et passer \u00e0 l\u2019action. Le coaching propose cet accompagnement pour permettre \u00e0 la personne coach\u00e9e de d\u00e9velopper un mode de vie \u00e9quilibr\u00e9 et \u00e9panouissant dans lequel elle se sent bien dans sa peau, est en bonne sant\u00e9, dispose d\u2019une \u00e9nergie vitale abondante, et a le sentiment profond de mener une vie riche et pleine de sens.<\/p>\n<p><b><\/b><\/p>\n<p><b>Article I : Introduction<\/b><\/p>\n<p>Ce contrat r\u00e8gle les conditions de vente et d\u2019ex\u00e9cution des prestations entre d\u2019une part high up me (d\u00e9nomm\u00e9 \u00ab le fournisseur de services de coaching \u00bb ci-apr\u00e8s), et d\u2019autre part toute personne physique ou morale (d\u00e9nomm\u00e9e \u00ab Client \u00bb ci-apr\u00e8s) qui commande une prestation aupr\u00e8s de high up me. Le terme \u00ab Site \u00bb se r\u00e9f\u00e8re au Site internet https:\/\/highupme.com. Les conditions g\u00e9n\u00e9rales de vente d\u00e9taill\u00e9es ci-dessous fixent les dispositions contractuelles entre high up me et le Client, ainsi que les conditions qui s\u2019appliquent \u00e0 toute commande et ex\u00e9cution de prestation. Vous vous engagez \u00e0 accepter enti\u00e8rement et sans r\u00e9serve la globalit\u00e9 des pr\u00e9sentes conditions g\u00e9n\u00e9rales de vente et d\u2019ex\u00e9cution en commandant une prestation effectu\u00e9e par high up me.<\/p>\n<p><b><\/b><\/p>\n<p><b>Article II : Prestations propos\u00e9es<\/b><\/p>\n<p>High up me offre des prestations dans les domaines du coaching. Les prestations incluent les bilans, conseils, accompagnements, conf\u00e9rences, services et coachings centr\u00e9s sur la vie priv\u00e9e et\/ou professionnelle. Les prestations se trouvent d\u00e9crites sur notre Site. Les descriptions du Site ne sont pas contractuelles mais servent de base \u00e0 la r\u00e9alisation d\u2019une prestation sur mesure pour chaque Client. D\u2019autres prestations ayant trait \u00e0 l\u2019accompagnement, au conseil et \u00e0 la formation peuvent \u00eatre propos\u00e9es, selon la demande du Client et apr\u00e8s accord de high up me.<\/p>\n<p><b><\/b><\/p>\n<p><b>Article III : Commande de prestation<\/b><\/p>\n<p>High up me intervient sur demande du Client et les prestations peuvent \u00eatre command\u00e9es directement sur notre Site sous la rubrique \u00ab\u00a0Bookings\u00a0\u00bb ou au cours d\u2019un \u00e9change en t\u00eate-\u00e0-t\u00eate. L\u2019acceptation de la demande est toujours d\u00e9pendante des possibilit\u00e9s et disponibilit\u00e9s des coachs high up me.<\/p>\n<p><b><\/b><\/p>\n<p><b>Article IV : Prix des prestations, annulation<\/b><\/p>\n<p>Les tarifs des prestations sont indiqu\u00e9s en francs suisses et toutes taxes comprises, \u00e0 l\u2019exception des frais s\u2019ajoutant pour le paiement par carte de cr\u00e9dit ou par virement bancaire (voir Article V). Les s\u00e9ances sont factur\u00e9es au tarif de base de 100 CHF pour la s\u00e9ance d\u2019exploration d\u2019une dur\u00e9e de 45 min. et de 120 CHF pour toutes les autres s\u00e9ances d\u2019une dur\u00e9e de 45 min. \u00e9galement. Le client a la possibilit\u00e9 de reserver en ligne une s\u00e9ance de 1,5 h. au prix de 240 CHF en fonction de ses besoins. Tous les tarifs et packs sont disponibles et consultable sur notre Site \u00e0 l\u2019adresse: https:\/\/highupme.com\/. Si une s\u00e9ance dure moins de 45 min, le prix demeure inchang\u00e9 et ne sera pas rembours\u00e9 au pro rata. Si une s\u00e9ance dure plus de 45 min, aucun suppl\u00e9ment n\u2019est factur\u00e9 entre 45 et 60 min, mais au- del\u00e0 de 60 min le d\u00e9passement est factur\u00e9 au prorata du tarif de base. Toute prestation peut \u00eatre annul\u00e9e dans un d\u00e9lai de 48 heures avant le d\u00e9but de la s\u00e9ance. Pass\u00e9 ce d\u00e9lai la s\u00e9ance sera due. Toute s\u00e9ance annul\u00e9e pourra \u00eatre planifi\u00e9e \u00e0 une date ult\u00e9rieur en fonction de la disponibilit\u00e9 des coachs high up me. Si le coach est en retard \u00e0 une s\u00e9ance, la dur\u00e9e effective de la s\u00e9ance sera factur\u00e9e au prorata du tarif s\u2019appliquant, en revanche un retard du coach \u00e0 la s\u00e9ance ne peut justifier son annulation. Si le Client est en retard, le temps de la s\u00e9ance restera inchang\u00e9 et se terminera comme planifi\u00e9 au pr\u00e9alable et le client ne pourra pr\u00e9tendre \u00e0 un remboursement. En cas de retards r\u00e9p\u00e9t\u00e9s du client, high up me se r\u00e9serve le droit d\u2019appliquer d\u2019autres conditions apr\u00e8s information du Client.<\/p>\n<p><b><\/b><\/p>\n<p><b>Article V : Confidentialit\u00e9<\/b><\/p>\n<p>Il est express\u00e9ment convenu que toute information relative aux m\u00e9thodes, proc\u00e9dures, proc\u00e9d\u00e9s techniques ou autre ou toute autre information communiqu\u00e9e entre les parties est consid\u00e9r\u00e9e comme confidentielle par les parties et ne pourra \u00eatre communiqu\u00e9e \u00e0 tous tiers, hors les cas rendus strictement n\u00e9cessaires \u00e0 appr\u00e9cier ponctuellement et en concertation.<\/p>\n<p>Eventuellement : Chacune des parties s\u2019engage \u00e0 n\u2019utiliser les informations confidentielles qu\u2019elle recevra que pour les besoins du pr\u00e9sent acte et de ses suites. Chacune des parties s\u2019interdit d\u2019exploiter pour son compte directement ou indirectement des informations confidentielles re\u00e7ues de l&rsquo;autre partie. Les parties soussign\u00e9es garantissent le respect de ces obligations par leur personnel, leurs mandataires ou toute autre personne dont elles sont responsables.<\/p>\n<p><b><\/b><\/p>\n<p><b>Article VI : Traitement des donn\u00e9es personnelles<\/b><\/p>\n<p>Les parties se conformeront\u00a0au\u00a0r\u00e8glement g\u00e9n\u00e9ral sur la protection des donn\u00e9es (RGPD \u2013 r\u00e8glement UE 2016\/679 du Parlement europ\u00e9en. Elles collaboreront de bonne foi \u00e0 cette fin, dans le cadre de l\u2019ex\u00e9cution du pr\u00e9sent contrat.\u00a0 Les parties n\u2019encourront aucune responsabilit\u00e9 contractuelle au titre du pr\u00e9sent contrat, dans la mesure o\u00f9 le respect du RGPD les emp\u00eacherait d\u2019ex\u00e9cuter l\u2019une de leurs obligations au titre de ce contrat.<\/p>\n<p><b><\/b><\/p>\n<p><b>Article VII : Les devoirs du coach vis \u00e0 vis du client<\/b><\/p>\n<ol>\n<li>Le coach s\u2019autorise en conscience \u00e0 exercer cette fonction \u00e0 partir de sa formation et de son exp\u00e9rience.<\/li>\n<li>Conscient de sa position, le coach s\u2019interdit d\u2019exercer tout abus d\u2019influence de quelque nature que ce soit.<\/li>\n<li>Le coach s\u2019astreint au secret professionnel et s&rsquo;engage \u00e0 ne transmettre \u00e0 des tiers, quels qu&rsquo;ils soient et sous aucun pr\u00e9texte, les informations port\u00e9es \u00e0 sa connaissance lors des s\u00e9ances de travail.<\/li>\n<li>Le coach s&rsquo;engage \u00e0 agir avec professionnalisme et \u00e0 mettre en oeuvre tous les moyens dont il dispose pour permettre l\u2019atteinte des objectifs de ce contrat. Sous r\u00e9serve des dispositions propres au secret professionnel et \u00e0 la d\u00e9ontologie, ces moyens peuvent inclure en tant que de besoin le recours \u00e0 un confr\u00e8re ou \u00e0 une consoeur, sans qu\u2019un tel recours puisse changer les modalit\u00e9s du pr\u00e9sent contrat.<\/li>\n<li>Le coach s&rsquo;engage formellement \u00e0 respecter, dans sa pratique professionnelle, les principes de la charte des coachs professionnels affili\u00e9s \u00e0 <a href=\"https:\/\/www.coachingfederation.ch\/fr\/ethique\/code-dethique.html\" target=\"_blank\" rel=\"noopener\">l\u2019International Coaching Federation<\/a> et dont un exemplaire figure en annexe au pr\u00e9sent contrat<\/li>\n<\/ol>\n<p>&nbsp;<\/p>\n<p><b>Article VIII : Les devoir cu client vis \u00e0 vis du coach<\/b><\/p>\n<ol>\n<li>Le client est responsable de son engagement personnel dans cette d\u00e9marche ainsi que de sa disponibilit\u00e9 pour sa mise en \u0153uvre.<\/li>\n<li>Le coaching \u00e9tant un processus de d\u00e9veloppement personnel et professionnel, le client a de fait la responsabilit\u00e9 des d\u00e9cisions prises. En aucun cas, le coach ne peut \u00eatre tenu pour responsable des d\u00e9cisions ou non-d\u00e9cisions du client.<\/li>\n<li>Le client prend l&rsquo;engagement d\u2019\u00eatre ponctuel aux rendez-vous pris avec le coach.<\/li>\n<li>En cas de retard pour cause de force majeure et inf\u00e9rieur \u00e0 trente minutes, la s\u00e9ance de travail en est d\u2019autant \u00e9court\u00e9e mais sera factur\u00e9e prorata temporis.<\/li>\n<li>En cas de report du rendez-vous, le client en informe le coach au minimum t2 heures \u00e0 l\u2019avance.<\/li>\n<\/ol>\n<p><b><\/b><\/p>\n<p><b>Article IX : Modalit\u00e9s de paiement, p\u00e9nalit\u00e9s de retard<\/b><\/p>\n<p>Toute s\u00e9ance doit \u00eatre pay\u00e9e au maximum 72 h. avant le d\u00e9but de la s\u00e9ance. Pass\u00e9 ce d\u00e9lai, le montant sera d\u00fb et high up me facturera au client le montant de la s\u00e9ance. Pour le programme libre et la s\u00e9ance d\u2019exploration, le paiement doit \u00eatre effectu\u00e9 au plus tard 72 heures avant le d\u00e9but de la s\u00e9ance. Si le client d\u00e9cide d\u2019opter pour un pack avec r\u00e8glement en 1 fois, le paiement devra \u00eatre effectu\u00e9 72 heures au plus tard avant la premi\u00e8re s\u00e9ance. Si le client d\u00e9cide d\u2019opter pour un pack avec r\u00e8glement en 3 fois, le paiement devra \u00eatre effectu\u00e9 72 heures au plus tard avant la\/les s\u00e9ance-s encore non r\u00e9gl\u00e9e-s. Si le client d\u00e9cide d\u2019opter pour des packs, la s\u00e9ance d\u2019exploration sera offerte. Pour le Pack avec r\u00e8glement en 1 fois, un rabais de &#8211; 20% sera \u00e9galement appliqu\u00e9. Pour le Pack avec r\u00e8glement en 3 fois, un rabais de &#8211; 10% sera \u00e9galement appliqu\u00e9. Tous nos prix et Packs sont consultable \u00e0 l\u2019adresse https:\/\/highupme.com\/prix\/. Les s\u00e9ances doivent \u00eatre pay\u00e9es par virement bancaire conform\u00e9ment aux conditions ci-dessus. Les d\u00e9tails bancaires seront transmis au client par le coach \u00e0 la suite de la r\u00e9servation en ligne par retour de mail. Tous frais de demande d\u2019informations aupr\u00e8s de l\u2019Office des Poursuites seront \u00e9galement \u00e0 la charge du Client. Des int\u00e9r\u00eats moratoires seront dus de plein droit et sans mise en demeure pr\u00e9alable \u00e0 un taux de 8 %. Les frais li\u00e9s \u00e0 une \u00e9ventuelle proc\u00e9dure de recouvrement ou de poursuite seront \u00e0 la charge du Client, avec \u00e9galement 60 CHF de frais administratifs pour l\u2019initiation d\u2019une poursuite.<\/p>\n<p><b><\/b><\/p>\n<p><b>Article X : Limite des responsabilit\u00e9s<\/b><\/p>\n<p>high up me d\u00e9gage toute responsabilit\u00e9 face \u00e0 des informations inexactes fournies par le Client. high up me d\u00e9gage \u00e9galement toute responsabilit\u00e9 vis-\u00e0-vis de la prise en charge des prestations par les assurances, employeurs ou autres partenaires. D\u2019autre part, high up me d\u00e9gage toute responsabilit\u00e9 face aux \u00e9ventuels risques inh\u00e9rents \u00e0 toute consultation de coaching. Aucun pr\u00e9judice financier ou moral d\u2019aucune sorte, direct ou indirect, ne peut \u00eatre retenu contre high up me pour quelque raison que ce soit, dans la mesure o\u00f9 les prestations respectent des principes \u00e9thiques, lesquels nous calquons sur ceux qui r\u00e9gissent la profession de coaching comme d\u00e9crites par ICF (<a href=\"https:\/\/www.coachingfederation.ch\/fr\/ethique\/code-dethique.html\" target=\"_blank\" rel=\"noopener\">International Coach Federation<\/a>).<\/p>\n<p><b><\/b><\/p>\n<p><b>Article XI : Clause de sauvegarde<\/b><\/p>\n<p>Si l\u2019une des clauses de ces conditions g\u00e9n\u00e9rales devait s\u2019av\u00e9rer ou devenir invalide, la validit\u00e9 et l\u2019applicabilit\u00e9 des autres clauses de ces conditions g\u00e9n\u00e9rales ne s\u2019en trouveront en rien affect\u00e9es.<\/p>\n<p><b><\/b><\/p>\n<p><b>Article XII : Droit applicable et for juridique<\/b><\/p>\n<p>Le droit suisse r\u00e9git les pr\u00e9sentes conditions g\u00e9n\u00e9rales de vente et d\u2019ex\u00e9cution. Le for juridique est \u00e9tabli \u00e0 Gen\u00e8ve, Suisse.<\/p>\n<p>[\/et_pb_text][\/et_pb_column][\/et_pb_row][\/et_pb_section]<\/p>","protected":false},"excerpt":{"rendered":"<p>Le pr\u00e9sent contrat d\u00e9crit vos droits et obligations li\u00e9es aux prestations propos\u00e9es sous forme de s\u00e9ances de coaching par high up me. En commandant une prestation effectu\u00e9e par high up me, vous vous engagez \u00e0 respecter ce pr\u00e9sent contrat.<\/p>","protected":false},"author":1,"featured_media":1407,"parent":0,"menu_order":0,"comment_status":"closed","ping_status":"closed","template":"","meta":{"_et_pb_use_builder":"on","_et_pb_old_content":"","_et_gb_content_width":"","footnotes":""},"class_list":["post-2674","page","type-page","status-publish","has-post-thumbnail","hentry"],"yoast_head":"<!-- This site is optimized with the Yoast SEO plugin v25.6 - https:\/\/yoast.com\/wordpress\/plugins\/seo\/ -->\n<title>Conditions G\u00e9n\u00e9rales de Vente - Highupme<\/title>\n<meta name=\"robots\" content=\"index, follow, max-snippet:-1, max-image-preview:large, max-video-preview:-1\" \/>\n<link rel=\"canonical\" href=\"https:\/\/highupme.com\/en\/cgv\/\" \/>\n<meta property=\"og:locale\" content=\"en_GB\" \/>\n<meta property=\"og:type\" content=\"article\" \/>\n<meta property=\"og:title\" content=\"Conditions G\u00e9n\u00e9rales de Vente - Highupme\" \/>\n<meta property=\"og:description\" content=\"Le pr\u00e9sent contrat d\u00e9crit vos droits et obligations li\u00e9es aux prestations propos\u00e9es sous forme de s\u00e9ances de coaching par high up me. En commandant une prestation effectu\u00e9e par high up me, vous vous engagez \u00e0 respecter ce pr\u00e9sent contrat.\" \/>\n<meta property=\"og:url\" content=\"https:\/\/highupme.com\/en\/cgv\/\" \/>\n<meta property=\"og:site_name\" content=\"Highupme\" \/>\n<meta property=\"article:modified_time\" content=\"2023-02-10T11:26:15+00:00\" \/>\n<meta property=\"og:image\" content=\"https:\/\/i0.wp.com\/highupme.com\/wp-content\/uploads\/2022\/11\/high_up_me_banner.png?fit=1500%2C1250&ssl=1\" \/>\n\t<meta property=\"og:image:width\" content=\"1500\" \/>\n\t<meta property=\"og:image:height\" content=\"1250\" \/>\n\t<meta property=\"og:image:type\" content=\"image\/png\" \/>\n<meta name=\"twitter:card\" content=\"summary_large_image\" \/>\n<meta name=\"twitter:label1\" content=\"Estimated reading time\" \/>\n\t<meta name=\"twitter:data1\" content=\"10 minutes\" \/>\n<script type=\"application\/ld+json\" class=\"yoast-schema-graph\">{\"@context\":\"https:\/\/schema.org\",\"@graph\":[{\"@type\":\"WebPage\",\"@id\":\"https:\/\/highupme.com\/cgv\/\",\"url\":\"https:\/\/highupme.com\/cgv\/\",\"name\":\"Conditions G\u00e9n\u00e9rales de Vente - Highupme\",\"isPartOf\":{\"@id\":\"https:\/\/highupme.com\/en\/#website\"},\"primaryImageOfPage\":{\"@id\":\"https:\/\/highupme.com\/cgv\/#primaryimage\"},\"image\":{\"@id\":\"https:\/\/highupme.com\/cgv\/#primaryimage\"},\"thumbnailUrl\":\"https:\/\/i0.wp.com\/highupme.com\/wp-content\/uploads\/2022\/11\/high_up_me_banner.png?fit=1500%2C1250&ssl=1\",\"datePublished\":\"2023-02-10T09:22:13+00:00\",\"dateModified\":\"2023-02-10T11:26:15+00:00\",\"breadcrumb\":{\"@id\":\"https:\/\/highupme.com\/cgv\/#breadcrumb\"},\"inLanguage\":\"en-GB\",\"potentialAction\":[{\"@type\":\"ReadAction\",\"target\":[\"https:\/\/highupme.com\/cgv\/\"]}]},{\"@type\":\"ImageObject\",\"inLanguage\":\"en-GB\",\"@id\":\"https:\/\/highupme.com\/cgv\/#primaryimage\",\"url\":\"https:\/\/i0.wp.com\/highupme.com\/wp-content\/uploads\/2022\/11\/high_up_me_banner.png?fit=1500%2C1250&ssl=1\",\"contentUrl\":\"https:\/\/i0.wp.com\/highupme.com\/wp-content\/uploads\/2022\/11\/high_up_me_banner.png?fit=1500%2C1250&ssl=1\",\"width\":1500,\"height\":1250,\"caption\":\"Elevez-vous high up me\"},{\"@type\":\"BreadcrumbList\",\"@id\":\"https:\/\/highupme.com\/cgv\/#breadcrumb\",\"itemListElement\":[{\"@type\":\"ListItem\",\"position\":1,\"name\":\"Accueil\",\"item\":\"https:\/\/highupme.com\/\"},{\"@type\":\"ListItem\",\"position\":2,\"name\":\"Conditions G\u00e9n\u00e9rales de Vente\"}]},{\"@type\":\"WebSite\",\"@id\":\"https:\/\/highupme.com\/en\/#website\",\"url\":\"https:\/\/highupme.com\/en\/\",\"name\":\"Highupme\",\"description\":\"The Coaching Company\",\"publisher\":{\"@id\":\"https:\/\/highupme.com\/en\/#organization\"},\"potentialAction\":[{\"@type\":\"SearchAction\",\"target\":{\"@type\":\"EntryPoint\",\"urlTemplate\":\"https:\/\/highupme.com\/en\/?s={search_term_string}\"},\"query-input\":{\"@type\":\"PropertyValueSpecification\",\"valueRequired\":true,\"valueName\":\"search_term_string\"}}],\"inLanguage\":\"en-GB\"},{\"@type\":\"Organization\",\"@id\":\"https:\/\/highupme.com\/en\/#organization\",\"name\":\"Highupme\",\"url\":\"https:\/\/highupme.com\/en\/\",\"logo\":{\"@type\":\"ImageObject\",\"inLanguage\":\"en-GB\",\"@id\":\"https:\/\/highupme.com\/en\/#\/schema\/logo\/image\/\",\"url\":\"https:\/\/i0.wp.com\/highupme.com\/wp-content\/uploads\/2022\/12\/highupme-logo-PNG.png?fit=500%2C311&ssl=1\",\"contentUrl\":\"https:\/\/i0.wp.com\/highupme.com\/wp-content\/uploads\/2022\/12\/highupme-logo-PNG.png?fit=500%2C311&ssl=1\",\"width\":500,\"height\":311,\"caption\":\"Highupme\"},\"image\":{\"@id\":\"https:\/\/highupme.com\/en\/#\/schema\/logo\/image\/\"},\"sameAs\":[\"https:\/\/www.instagram.com\/high_up_me\/\",\"https:\/\/www.linkedin.com\/company\/high-up-me\"]}]}<\/script>\n<!-- \/ Yoast SEO plugin. -->","yoast_head_json":{"title":"Conditions G\u00e9n\u00e9rales de Vente - Highupme","robots":{"index":"index","follow":"follow","max-snippet":"max-snippet:-1","max-image-preview":"max-image-preview:large","max-video-preview":"max-video-preview:-1"},"canonical":"https:\/\/highupme.com\/en\/cgv\/","og_locale":"en_GB","og_type":"article","og_title":"Conditions G\u00e9n\u00e9rales de Vente - Highupme","og_description":"Le pr\u00e9sent contrat d\u00e9crit vos droits et obligations li\u00e9es aux prestations propos\u00e9es sous forme de s\u00e9ances de coaching par high up me. En commandant une prestation effectu\u00e9e par high up me, vous vous engagez \u00e0 respecter ce pr\u00e9sent contrat.","og_url":"https:\/\/highupme.com\/en\/cgv\/","og_site_name":"Highupme","article_modified_time":"2023-02-10T11:26:15+00:00","og_image":[{"width":1500,"height":1250,"url":"https:\/\/i0.wp.com\/highupme.com\/wp-content\/uploads\/2022\/11\/high_up_me_banner.png?fit=1500%2C1250&ssl=1","type":"image\/png"}],"twitter_card":"summary_large_image","twitter_misc":{"Estimated reading time":"10 minutes"},"schema":{"@context":"https:\/\/schema.org","@graph":[{"@type":"WebPage","@id":"https:\/\/highupme.com\/cgv\/","url":"https:\/\/highupme.com\/cgv\/","name":"Conditions G\u00e9n\u00e9rales de Vente - Highupme","isPartOf":{"@id":"https:\/\/highupme.com\/en\/#website"},"primaryImageOfPage":{"@id":"https:\/\/highupme.com\/cgv\/#primaryimage"},"image":{"@id":"https:\/\/highupme.com\/cgv\/#primaryimage"},"thumbnailUrl":"https:\/\/i0.wp.com\/highupme.com\/wp-content\/uploads\/2022\/11\/high_up_me_banner.png?fit=1500%2C1250&ssl=1","datePublished":"2023-02-10T09:22:13+00:00","dateModified":"2023-02-10T11:26:15+00:00","breadcrumb":{"@id":"https:\/\/highupme.com\/cgv\/#breadcrumb"},"inLanguage":"en-GB","potentialAction":[{"@type":"ReadAction","target":["https:\/\/highupme.com\/cgv\/"]}]},{"@type":"ImageObject","inLanguage":"en-GB","@id":"https:\/\/highupme.com\/cgv\/#primaryimage","url":"https:\/\/i0.wp.com\/highupme.com\/wp-content\/uploads\/2022\/11\/high_up_me_banner.png?fit=1500%2C1250&ssl=1","contentUrl":"https:\/\/i0.wp.com\/highupme.com\/wp-content\/uploads\/2022\/11\/high_up_me_banner.png?fit=1500%2C1250&ssl=1","width":1500,"height":1250,"caption":"Elevez-vous high up me"},{"@type":"BreadcrumbList","@id":"https:\/\/highupme.com\/cgv\/#breadcrumb","itemListElement":[{"@type":"ListItem","position":1,"name":"Accueil","item":"https:\/\/highupme.com\/"},{"@type":"ListItem","position":2,"name":"Conditions G\u00e9n\u00e9rales de Vente"}]},{"@type":"WebSite","@id":"https:\/\/highupme.com\/en\/#website","url":"https:\/\/highupme.com\/en\/","name":"Highupme","description":"The Coaching Company","publisher":{"@id":"https:\/\/highupme.com\/en\/#organization"},"potentialAction":[{"@type":"SearchAction","target":{"@type":"EntryPoint","urlTemplate":"https:\/\/highupme.com\/en\/?s={search_term_string}"},"query-input":{"@type":"PropertyValueSpecification","valueRequired":true,"valueName":"search_term_string"}}],"inLanguage":"en-GB"},{"@type":"Organization","@id":"https:\/\/highupme.com\/en\/#organization","name":"Highupme","url":"https:\/\/highupme.com\/en\/","logo":{"@type":"ImageObject","inLanguage":"en-GB","@id":"https:\/\/highupme.com\/en\/#\/schema\/logo\/image\/","url":"https:\/\/i0.wp.com\/highupme.com\/wp-content\/uploads\/2022\/12\/highupme-logo-PNG.png?fit=500%2C311&ssl=1","contentUrl":"https:\/\/i0.wp.com\/highupme.com\/wp-content\/uploads\/2022\/12\/highupme-logo-PNG.png?fit=500%2C311&ssl=1","width":500,"height":311,"caption":"Highupme"},"image":{"@id":"https:\/\/highupme.com\/en\/#\/schema\/logo\/image\/"},"sameAs":["https:\/\/www.instagram.com\/high_up_me\/","https:\/\/www.linkedin.com\/company\/high-up-me"]}]}},"jetpack-related-posts":[],"jetpack_sharing_enabled":true,"_links":{"self":[{"href":"https:\/\/highupme.com\/en\/wp-json\/wp\/v2\/pages\/2674","targetHints":{"allow":["GET"]}}],"collection":[{"href":"https:\/\/highupme.com\/en\/wp-json\/wp\/v2\/pages"}],"about":[{"href":"https:\/\/highupme.com\/en\/wp-json\/wp\/v2\/types\/page"}],"author":[{"embeddable":true,"href":"https:\/\/highupme.com\/en\/wp-json\/wp\/v2\/users\/1"}],"replies":[{"embeddable":true,"href":"https:\/\/highupme.com\/en\/wp-json\/wp\/v2\/comments?post=2674"}],"version-history":[{"count":0,"href":"https:\/\/highupme.com\/en\/wp-json\/wp\/v2\/pages\/2674\/revisions"}],"wp:featuredmedia":[{"embeddable":true,"href":"https:\/\/highupme.com\/en\/wp-json\/wp\/v2\/media\/1407"}],"wp:attachment":[{"href":"https:\/\/highupme.com\/en\/wp-json\/wp\/v2\/media?parent=2674"}],"curies":[{"name":"wp","href":"https:\/\/api.w.org\/{rel}","templated":true}]}}